{"id":5330,"date":"2024-05-08T15:20:28","date_gmt":"2024-05-08T15:20:28","guid":{"rendered":"https:\/\/dentisteriemontreal.com\/new\/?page_id=5330"},"modified":"2024-09-30T18:44:52","modified_gmt":"2024-09-30T18:44:52","slug":"gingival-graft","status":"publish","type":"page","link":"https:\/\/dentisteriemontreal.com\/en\/general-dentistry\/gingival-graft\/","title":{"rendered":"Gingival Graft"},"content":{"rendered":"<p><div class=\"fusion-fullwidth fullwidth-box fusion-builder-row-1 fusion-flex-container has-pattern-background has-mask-background nonhundred-percent-fullwidth non-hundred-percent-height-scrolling\" style=\"--awb-border-radius-top-left:0px;--awb-border-radius-top-right:0px;--awb-border-radius-bottom-right:0px;--awb-border-radius-bottom-left:0px;--awb-flex-wrap:wrap;\" ><div class=\"fusion-builder-row fusion-row fusion-flex-align-items-flex-start fusion-flex-content-wrap\" style=\"max-width:1216.8px;margin-left: calc(-4% \/ 2 );margin-right: calc(-4% \/ 2 );\"><div class=\"fusion-layout-column fusion_builder_column fusion-builder-column-0 fusion_builder_column_1_1 1_1 fusion-flex-column\" style=\"--awb-bg-size:cover;--awb-width-large:100%;--awb-margin-top-large:0px;--awb-spacing-right-large:1.92%;--awb-margin-bottom-large:20px;--awb-spacing-left-large:1.92%;--awb-width-medium:100%;--awb-order-medium:0;--awb-spacing-right-medium:1.92%;--awb-spacing-left-medium:1.92%;--awb-width-small:100%;--awb-order-small:0;--awb-spacing-right-small:1.92%;--awb-spacing-left-small:1.92%;\"><div class=\"fusion-column-wrapper fusion-column-has-shadow fusion-flex-justify-content-flex-start fusion-content-layout-column\"><i class=\"fb-icon-element-1 fb-icon-element fontawesome-icon fa-tooth fas circle-yes icon-hover-animation-pulsate\" style=\"--awb-iconcolor:var(--awb-custom_color_1);--awb-iconcolor-hover:var(--awb-custom_color_1);--awb-circlecolor:#ffffff;--awb-circlecolor-hover:#ffffff;--awb-circlebordercolor-hover:hsla(var(--awb-color8-h),var(--awb-color8-s),calc( var(--awb-color8-l) + 20% ),var(--awb-color8-a));--awb-circlebordersize:0px;--awb-font-size:39.6px;--awb-width:79.2px;--awb-height:79.2px;--awb-line-height:79.2px;--awb-margin-top:0;--awb-margin-right:0;--awb-margin-bottom:0;--awb-margin-left:0;--awb-align-self:center;\"><\/i><div class=\"fusion-title title fusion-title-1 fusion-title-center fusion-title-text fusion-title-size-one\" style=\"--awb-margin-bottom:0px;--awb-font-size:35px;\"><div class=\"title-sep-container title-sep-container-left\"><div class=\"title-sep sep- sep-solid\" style=\"border-color:var(--awb-color3);\"><\/div><\/div><span class=\"awb-title-spacer\"><\/span><h1 class=\"fusion-title-heading title-heading-center fusion-responsive-typography-calculated\" style=\"margin:0;font-size:1em;letter-spacing:1px;text-transform:capitalize;--fontSize:35;line-height:var(--awb-typography1-line-height);\">Gingival Graft<\/h1><span class=\"awb-title-spacer\"><\/span><div class=\"title-sep-container title-sep-container-right\"><div class=\"title-sep sep- sep-solid\" style=\"border-color:var(--awb-color3);\"><\/div><\/div><\/div><div class=\"fusion-separator\" style=\"align-self: center;margin-left: auto;margin-right: auto;width:100%;max-width:150px;\"><div class=\"fusion-separator-border sep-single sep-solid\" style=\"--awb-height:20px;--awb-amount:20px;--awb-sep-color:var(--awb-custom_color_1);border-color:var(--awb-custom_color_1);border-top-width:1px;\"><\/div><\/div><\/div><\/div><\/div><\/div><div class=\"fusion-fullwidth fullwidth-box fusion-builder-row-2 fusion-flex-container has-pattern-background has-mask-background nonhundred-percent-fullwidth non-hundred-percent-height-scrolling\" style=\"--awb-border-radius-top-left:0px;--awb-border-radius-top-right:0px;--awb-border-radius-bottom-right:0px;--awb-border-radius-bottom-left:0px;--awb-flex-wrap:wrap;\" ><div class=\"fusion-builder-row fusion-row fusion-flex-align-items-flex-start fusion-flex-content-wrap\" style=\"max-width:1216.8px;margin-left: calc(-4% \/ 2 );margin-right: calc(-4% \/ 2 );\"><div class=\"fusion-layout-column fusion_builder_column fusion-builder-column-1 fusion_builder_column_1_2 1_2 fusion-flex-column\" style=\"--awb-bg-size:cover;--awb-width-large:50%;--awb-margin-top-large:0px;--awb-spacing-right-large:3.84%;--awb-margin-bottom-large:20px;--awb-spacing-left-large:3.84%;--awb-width-medium:100%;--awb-order-medium:0;--awb-spacing-right-medium:1.92%;--awb-spacing-left-medium:1.92%;--awb-width-small:100%;--awb-order-small:0;--awb-spacing-right-small:1.92%;--awb-spacing-left-small:1.92%;\"><div class=\"fusion-column-wrapper fusion-column-has-shadow fusion-flex-justify-content-flex-start fusion-content-layout-column\"><div class=\"fusion-text fusion-text-1\" style=\"--awb-font-size:15px;--awb-text-color:var(--awb-color8);--awb-text-font-family:&quot;Lato&quot;;--awb-text-font-style:normal;--awb-text-font-weight:400;\"><h3>What is a gum graft?<\/h3>\n<p>Gum graft is a surgical procedure that consists of restoring a sufficient amount of gums with graft tissue around the <a href=\"https:\/\/dentisteriemontreal.com\/en\/maintaining-healthy-teeth-and-gums\/\">teeth<\/a> and their roots. It can thus stop the progression of a gum recession and prevent the appearance of a new decline. Thus, gum grafting restores thickness and height to the weakened gum. At the same time restorative, preventive and esthetic, this surgery strengthens the support tissues to protect the teeth and often restore a nice smile.<\/p>\n<p>All gum grafys have the same point in common: the correction of defects related to morphology (often thickness), position and gum quality. When we talk about defect we mean a thin morphology, a low position on the tooth or simply a small or insufficient amount of gum.<\/p>\n<p>These defects if left untreated lead to various dental problems and lead patients to consult:<\/p>\n<ul>\n<li>Wear on teeth near the gum<\/li>\n<li>Cavities that appear on the roots of teeth<\/li>\n<li>Pain to the touch, for example during brushing<\/li>\n<li>Discomfort while eating and drinking<\/li>\n<li>Sensitivity to cold, sweet and acidic foods<\/li>\n<li>A yellowish coloring with the collar of the teeth<\/li>\n<li>Loss of supporting tissu leading to a weaker tooth<\/li>\n<\/ul>\n<\/div><\/div><\/div><div class=\"fusion-layout-column fusion_builder_column fusion-builder-column-2 fusion_builder_column_1_2 1_2 fusion-flex-column\" style=\"--awb-bg-size:cover;--awb-width-large:50%;--awb-margin-top-large:0px;--awb-spacing-right-large:3.84%;--awb-margin-bottom-large:20px;--awb-spacing-left-large:3.84%;--awb-width-medium:100%;--awb-order-medium:0;--awb-spacing-right-medium:1.92%;--awb-spacing-left-medium:1.92%;--awb-width-small:100%;--awb-order-small:0;--awb-spacing-right-small:1.92%;--awb-spacing-left-small:1.92%;\"><div class=\"fusion-column-wrapper fusion-column-has-shadow fusion-flex-justify-content-flex-start fusion-content-layout-column\"><div class=\"fusion-text fusion-text-2\" style=\"--awb-font-size:15px;--awb-text-color:var(--awb-color8);--awb-text-font-family:&quot;Lato&quot;;--awb-text-font-style:normal;--awb-text-font-weight:400;\"><h3>Why do a gum graft?<\/h3>\n<p>Gingival grafting is a common periodontal procedure. This process, although it may seem frightening, gives excellent results. There are several kinds of gum grafts. Some improve the life of the teeth or are used to prepare the site that will receive a dental implant. Others will be used to reduce <a href=\"https:\/\/dentisteriemontreal.com\/en\/tooth-sensitivity-solutions-for-relief\/\">tooth sensitivity<\/a> or improve aesthetics. However, one of the main reasons why patients get grafted is in the presence of gum loss called gum recession. Bare, the roots are indeed more vulnerable to caries and dental hypersensitivities. Teeth seem longer and spaces between teeth may appear. There is no doubt that this affects the quality of life of patients. Thus, gum grafting when necessary will bring many benefits for patients:<\/p>\n<p>Ces d\u00e9fauts s\u2019ils ne sont pas trait\u00e9s m\u00e8nent \u00e0 divers probl\u00e8mes dentaires et am\u00e8nent les patients \u00e0 consulter pour:<\/p>\n<ul>\n<li>A decrease in the sensitivity of teeth with gum recessions<\/li>\n<li>Protection and strengthening of the gum adhering to the tooth<\/li>\n<li>Preserves the tooth from loosing support<\/li>\n<li>Restore aesthetics to the gum tissue<\/li>\n<\/ul>\n<\/div><\/div><\/div><div class=\"fusion-layout-column fusion_builder_column fusion-builder-column-3 fusion_builder_column_1_2 1_2 fusion-flex-column\" style=\"--awb-bg-size:cover;--awb-width-large:50%;--awb-margin-top-large:0px;--awb-spacing-right-large:3.84%;--awb-margin-bottom-large:20px;--awb-spacing-left-large:3.84%;--awb-width-medium:100%;--awb-order-medium:0;--awb-spacing-right-medium:1.92%;--awb-spacing-left-medium:1.92%;--awb-width-small:100%;--awb-order-small:0;--awb-spacing-right-small:1.92%;--awb-spacing-left-small:1.92%;\"><div class=\"fusion-column-wrapper fusion-column-has-shadow fusion-flex-justify-content-flex-start fusion-content-layout-column\"><div class=\"fusion-text fusion-text-3\" style=\"--awb-font-size:15px;--awb-text-color:var(--awb-color8);--awb-text-font-family:&quot;Lato&quot;;--awb-text-font-style:normal;--awb-text-font-weight:400;\"><h3>The main causes of gum recessions<\/h3>\n<ul>\n<li>A gum disease (periodontitis) caused by the significant presence of tartar and dental plaque. This causes bleeding, loss of bone and gums around the teeth.<\/li>\n<li>A bad brushing technique, excessive pressure when cleaning teeth or a brush with rigid bristles can cause gum recessions. Use a soft brush and make sure you practice a brushing technique recommended by your dentist and hygienist.<\/li>\n<li>Poorly positioned teeth in the mouth (e.g. externally positioned canine), poorly adapted bridges or dental crowns<\/li>\n<li>Des dents mal positionn\u00e9es dans la bouche ( par exemple canine positionn\u00e9e ext\u00e9rieurement) , des ponts ou couronnes dentaires mal adapt\u00e9es<\/li>\n<li>Bruxism and clenching of teeth. The application of excessive chewing forces on teeth can cause the appearance of cracks, dental fractures but also gum loss where it is too thin or in insufficient quantities.<\/li>\n<li>Trauma to the teeth with dental treatments such as orthodontics or restorations<\/li>\n<li>Piercings in the lip and tongue. They cause trauma and injure the gums, which causes gum recessions.<\/li>\n<\/ul>\n<\/div><\/div><\/div><div class=\"fusion-layout-column fusion_builder_column fusion-builder-column-4 fusion_builder_column_1_2 1_2 fusion-flex-column\" style=\"--awb-bg-size:cover;--awb-width-large:50%;--awb-margin-top-large:0px;--awb-spacing-right-large:3.84%;--awb-margin-bottom-large:20px;--awb-spacing-left-large:3.84%;--awb-width-medium:100%;--awb-order-medium:0;--awb-spacing-right-medium:1.92%;--awb-spacing-left-medium:1.92%;--awb-width-small:100%;--awb-order-small:0;--awb-spacing-right-small:1.92%;--awb-spacing-left-small:1.92%;\"><div class=\"fusion-column-wrapper fusion-column-has-shadow fusion-flex-justify-content-flex-start fusion-content-layout-column\"><div class=\"fusion-text fusion-text-4\" style=\"--awb-font-size:15px;--awb-text-color:var(--awb-color8);--awb-text-font-family:&quot;Lato&quot;;--awb-text-font-style:normal;--awb-text-font-weight:400;\"><h3>Steps of the intervention<\/h3>\n<ol>\n<li>Gum grafts involve taking a portion of gums called the \u201cgraft\u201d to cover the roots exposed by the recession or reinforce the tissu weakened over time. The gum graft procedure is usually performed under local anesthesia. The exact procedure depends on the origin of the graft: the patient\u2019s palate or a tissue bank.<\/li>\n<li>Initially, small incisions will be made on the receiving area to create a small pocket that will accommodate the graft.<\/li>\n<li>Then a partial incision on the thickness is made and the connective tissue graft is inserted into the space between the two sections of tissue.<\/li>\n<li>A suture is often performed to further stabilize the transplant and avoid any displacement of the designated site. A surgical dressing is used to protect the worked area during the first week of healing.<\/li>\n<li>Uniformity and healing of the gum will be completed in about six weeks.<\/li>\n<\/ol>\n<\/div><\/div><\/div><div class=\"fusion-layout-column fusion_builder_column fusion-builder-column-5 fusion_builder_column_1_1 1_1 fusion-flex-column\" style=\"--awb-bg-size:cover;--awb-width-large:100%;--awb-margin-top-large:0px;--awb-spacing-right-large:1.92%;--awb-margin-bottom-large:20px;--awb-spacing-left-large:1.92%;--awb-width-medium:100%;--awb-order-medium:0;--awb-spacing-right-medium:1.92%;--awb-spacing-left-medium:1.92%;--awb-width-small:100%;--awb-order-small:0;--awb-spacing-right-small:1.92%;--awb-spacing-left-small:1.92%;\"><div class=\"fusion-column-wrapper fusion-column-has-shadow fusion-flex-justify-content-flex-start fusion-content-layout-column\"><div class=\"fusion-text fusion-text-5\"><div class=\"row \">\n<div id=\"wpv-column-444cfa2bdbe72056c800a71687473aea\" class=\"wpv-grid grid-1-1 wpv-first-level grid-1-1 first unextended no-extended-padding\">\n<h3 style=\"text-align: center;\">For more information about our gum transplants do not hesitate to contact our dental team.<\/h3>\n<\/div>\n<\/div>\n<\/div><\/div><\/div><\/div><\/div><\/p>\n","protected":false},"excerpt":{"rendered":"","protected":false},"author":1,"featured_media":0,"parent":5284,"menu_order":0,"comment_status":"closed","ping_status":"closed","template":"","meta":{"footnotes":""},"class_list":["post-5330","page","type-page","status-publish","hentry"],"_links":{"self":[{"href":"https:\/\/dentisteriemontreal.com\/en\/wp-json\/wp\/v2\/pages\/5330","targetHints":{"allow":["GET"]}}],"collection":[{"href":"https:\/\/dentisteriemontreal.com\/en\/wp-json\/wp\/v2\/pages"}],"about":[{"href":"https:\/\/dentisteriemontreal.com\/en\/wp-json\/wp\/v2\/types\/page"}],"author":[{"embeddable":true,"href":"https:\/\/dentisteriemontreal.com\/en\/wp-json\/wp\/v2\/users\/1"}],"replies":[{"embeddable":true,"href":"https:\/\/dentisteriemontreal.com\/en\/wp-json\/wp\/v2\/comments?post=5330"}],"version-history":[{"count":0,"href":"https:\/\/dentisteriemontreal.com\/en\/wp-json\/wp\/v2\/pages\/5330\/revisions"}],"up":[{"embeddable":true,"href":"https:\/\/dentisteriemontreal.com\/en\/wp-json\/wp\/v2\/pages\/5284"}],"wp:attachment":[{"href":"https:\/\/dentisteriemontreal.com\/en\/wp-json\/wp\/v2\/media?parent=5330"}],"curies":[{"name":"wp","href":"https:\/\/api.w.org\/{rel}","templated":true}]}}