{"id":5521,"date":"2024-05-09T18:45:36","date_gmt":"2024-05-09T18:45:36","guid":{"rendered":"https:\/\/dentisteriemontreal.com\/new\/?page_id=5521"},"modified":"2024-09-30T19:20:17","modified_gmt":"2024-09-30T19:20:17","slug":"baby-and-child-hygiene","status":"publish","type":"page","link":"https:\/\/dentisteriemontreal.com\/en\/youth-care\/baby-and-child-hygiene\/","title":{"rendered":"Baby and child hygiene"},"content":{"rendered":"<p><div class=\"fusion-fullwidth fullwidth-box fusion-builder-row-1 fusion-flex-container has-pattern-background has-mask-background nonhundred-percent-fullwidth non-hundred-percent-height-scrolling\" style=\"--awb-border-radius-top-left:0px;--awb-border-radius-top-right:0px;--awb-border-radius-bottom-right:0px;--awb-border-radius-bottom-left:0px;--awb-flex-wrap:wrap;\" ><div class=\"fusion-builder-row fusion-row fusion-flex-align-items-flex-start fusion-flex-content-wrap\" style=\"max-width:1216.8px;margin-left: calc(-4% \/ 2 );margin-right: calc(-4% \/ 2 );\"><div class=\"fusion-layout-column fusion_builder_column fusion-builder-column-0 fusion_builder_column_1_1 1_1 fusion-flex-column\" style=\"--awb-bg-size:cover;--awb-width-large:100%;--awb-margin-top-large:0px;--awb-spacing-right-large:1.92%;--awb-margin-bottom-large:20px;--awb-spacing-left-large:1.92%;--awb-width-medium:100%;--awb-order-medium:0;--awb-spacing-right-medium:1.92%;--awb-spacing-left-medium:1.92%;--awb-width-small:100%;--awb-order-small:0;--awb-spacing-right-small:1.92%;--awb-spacing-left-small:1.92%;\"><div class=\"fusion-column-wrapper fusion-column-has-shadow fusion-flex-justify-content-flex-start fusion-content-layout-column\"><i class=\"fb-icon-element-1 fb-icon-element fontawesome-icon fa-tooth fas circle-yes icon-hover-animation-pulsate\" style=\"--awb-iconcolor:var(--awb-custom_color_1);--awb-iconcolor-hover:var(--awb-custom_color_1);--awb-circlecolor:#ffffff;--awb-circlecolor-hover:#ffffff;--awb-circlebordercolor-hover:hsla(var(--awb-color8-h),var(--awb-color8-s),calc( var(--awb-color8-l) + 20% ),var(--awb-color8-a));--awb-circlebordersize:0px;--awb-font-size:39.6px;--awb-width:79.2px;--awb-height:79.2px;--awb-line-height:79.2px;--awb-margin-top:0;--awb-margin-right:0;--awb-margin-bottom:0;--awb-margin-left:0;--awb-align-self:center;\"><\/i><div class=\"fusion-title title fusion-title-1 fusion-title-center fusion-title-text fusion-title-size-two\" style=\"--awb-margin-bottom:0px;--awb-font-size:35px;\"><div class=\"title-sep-container title-sep-container-left\"><div class=\"title-sep sep- sep-solid\" style=\"border-color:var(--awb-color3);\"><\/div><\/div><span class=\"awb-title-spacer\"><\/span><h2 class=\"fusion-title-heading title-heading-center fusion-responsive-typography-calculated\" style=\"margin:0;font-size:1em;letter-spacing:1px;text-transform:capitalize;--fontSize:35;line-height:var(--awb-typography1-line-height);\">Baby and child hygiene<\/h2><span class=\"awb-title-spacer\"><\/span><div class=\"title-sep-container title-sep-container-right\"><div class=\"title-sep sep- sep-solid\" style=\"border-color:var(--awb-color3);\"><\/div><\/div><\/div><div class=\"fusion-separator\" style=\"align-self: center;margin-left: auto;margin-right: auto;width:100%;max-width:150px;\"><div class=\"fusion-separator-border sep-single sep-solid\" style=\"--awb-height:20px;--awb-amount:20px;--awb-sep-color:var(--awb-custom_color_1);border-color:var(--awb-custom_color_1);border-top-width:1px;\"><\/div><\/div><\/div><\/div><div class=\"fusion-layout-column fusion_builder_column fusion-builder-column-1 fusion_builder_column_1_1 1_1 fusion-flex-column\" style=\"--awb-bg-size:cover;--awb-width-large:100%;--awb-margin-top-large:0px;--awb-spacing-right-large:1.92%;--awb-margin-bottom-large:20px;--awb-spacing-left-large:1.92%;--awb-width-medium:100%;--awb-order-medium:0;--awb-spacing-right-medium:1.92%;--awb-spacing-left-medium:1.92%;--awb-width-small:100%;--awb-order-small:0;--awb-spacing-right-small:1.92%;--awb-spacing-left-small:1.92%;\"><div class=\"fusion-column-wrapper fusion-column-has-shadow fusion-flex-justify-content-flex-start fusion-content-layout-column\"><div class=\"fusion-text fusion-text-1\" style=\"--awb-font-size:15px;--awb-text-font-family:&quot;Lato&quot;;--awb-text-font-style:normal;--awb-text-font-weight:400;\"><div class=\"row \">\n<div id=\"wpv-column-b2450998464da8a468eb52d3dcd5cf36\" class=\"wpv-grid grid-1-1 wpv-first-level grid-1-1 first unextended no-extended-padding\">\n<p style=\"text-align: center;\">En tant que parent, vous jouez un r\u00f4le de premier plan pour pr\u00e9server les dents de votre enfant en bonne sant\u00e9. La pr\u00e9vention commence \u00e0 la maison par de bonnes habitudes alimentaires et un brossage quotidien des dents. Le Dr Manoukian et son \u00e9quipe ont \u00e0 coeur la sant\u00e9 dentaire de votre famille et vous invitent \u00e0 prendre connaissances de ces pr\u00e9cieuses informations d\u00e9di\u00e9es pour le bien-\u00eatre de vos touts petits.<\/p>\n<\/div>\n<\/div>\n<div class=\"row \">\n<div id=\"wpv-column-8caec9c6aea7d4f51677450803d212b4\" class=\"wpv-grid grid-1-3 wpv-first-level grid-1-3 first unextended no-extended-padding\" style=\"text-align: center;\"><\/div>\n<\/div>\n<\/div><\/div><\/div><\/div><\/div><div class=\"fusion-fullwidth fullwidth-box fusion-builder-row-2 fusion-flex-container has-pattern-background has-mask-background nonhundred-percent-fullwidth non-hundred-percent-height-scrolling\" style=\"--awb-border-radius-top-left:0px;--awb-border-radius-top-right:0px;--awb-border-radius-bottom-right:0px;--awb-border-radius-bottom-left:0px;--awb-flex-wrap:wrap;\" ><div class=\"fusion-builder-row fusion-row fusion-flex-align-items-flex-start fusion-flex-content-wrap\" style=\"max-width:1216.8px;margin-left: calc(-4% \/ 2 );margin-right: calc(-4% \/ 2 );\"><div class=\"fusion-layout-column fusion_builder_column fusion-builder-column-2 fusion_builder_column_1_3 1_3 fusion-flex-column\" style=\"--awb-bg-size:cover;--awb-width-large:33.333333333333%;--awb-margin-top-large:0px;--awb-spacing-right-large:5.76%;--awb-margin-bottom-large:20px;--awb-spacing-left-large:5.76%;--awb-width-medium:100%;--awb-order-medium:0;--awb-spacing-right-medium:1.92%;--awb-spacing-left-medium:1.92%;--awb-width-small:100%;--awb-order-small:0;--awb-spacing-right-small:1.92%;--awb-spacing-left-small:1.92%;\"><div class=\"fusion-column-wrapper fusion-column-has-shadow fusion-flex-justify-content-flex-start fusion-content-layout-column\"><div class=\"fusion-text fusion-text-2\" style=\"--awb-font-size:15px;--awb-text-font-family:&quot;Lato&quot;;--awb-text-font-style:normal;--awb-text-font-weight:400;\"><div id=\"wpv-column-8caec9c6aea7d4f51677450803d212b4\" class=\"wpv-grid grid-1-3 wpv-first-level grid-1-3 first unextended no-extended-padding\">\n<h3>Eruption and growth of teeth<\/h3>\n<p>The primary dentition, i.e. the 20 baby <a href=\"https:\/\/dentisteriemontreal.com\/en\/maintaining-healthy-teeth-and-gums\/\">teeth<\/a>, will have appeared before your child reaches the age of 3. Around the age of 6-7, the first permanent (adult) teeth appear. Between about 6 and 12 years old, this is the period during which the primary teeth fall out and are replaced with the permanent teeth. It is possible that a permanent tooth begins to grow before the primary tooth falls. In some cases, the dentist will then have to perform an extraction of the problematic baby tooth. Generally, around the age of 13, all permanent teeth will have erupted except for <a href=\"https:\/\/dentisteriemontreal.com\/en\/wisdom-teeth-extraction-montreal\/\">wisdom teeth<\/a> which, depending on the case, will only arrive around the age of 18. It should be noted that these third molars are not always present in the mouth. Sometimes they remain under the gums throughout life and extraction is necessary if they cause problems. Remember, regardless of the age and time of their fall, all these teeth will be meticulously picked up by the tooth fairy!<\/p>\n<\/div>\n<div id=\"wpv-column-2c8f12922d6faf91622ba0187f1f9662\" class=\"wpv-grid grid-2-3 wpv-first-level grid-2-3 unextended no-extended-padding\"><\/div>\n<\/div><\/div><\/div><div class=\"fusion-layout-column fusion_builder_column fusion-builder-column-3 fusion_builder_column_2_3 2_3 fusion-flex-column\" style=\"--awb-bg-size:cover;--awb-width-large:66.666666666667%;--awb-margin-top-large:0px;--awb-spacing-right-large:2.88%;--awb-margin-bottom-large:20px;--awb-spacing-left-large:2.88%;--awb-width-medium:100%;--awb-order-medium:0;--awb-spacing-right-medium:1.92%;--awb-spacing-left-medium:1.92%;--awb-width-small:100%;--awb-order-small:0;--awb-spacing-right-small:1.92%;--awb-spacing-left-small:1.92%;\"><div class=\"fusion-column-wrapper fusion-column-has-shadow fusion-flex-justify-content-flex-start fusion-content-layout-column\"><div class=\"fusion-text fusion-text-3\" style=\"--awb-font-size:15px;--awb-text-font-family:&quot;Lato&quot;;--awb-text-font-style:normal;--awb-text-font-weight:400;\"><div id=\"wpv-column-8caec9c6aea7d4f51677450803d212b4\" class=\"wpv-grid grid-1-3 wpv-first-level grid-1-3 first unextended no-extended-padding\">\n<div class=\"row \">\n<div id=\"wpv-column-2c8f12922d6faf91622ba0187f1f9662\" class=\"wpv-grid grid-2-3 wpv-first-level grid-2-3 unextended no-extended-padding\">\n<h3>Practical advice if your child\u2019s teeth are erupting<\/h3>\n<p>If your child seems to be in pain during the tooth rash period, you can rub his gums with a finger or rub them with the back of a small cold spoon. You can also bite it in a cold water washcloth or in a refrigerated teething ring. If the discomfort persists, do not hesitate to contact us. Indeed, we may recommend an over-the-counter medication to calm pain like Tylenol for children.<\/p>\n<h4>Pacifiers and thumb sucking<\/h4>\n<p>It is normal for a baby to suck on objects because this is how he relaxes and feeds. The closer your child approaches the age of 2 or 3, the less he feels this need. We suggest that you limit the use of the pacifier as your child grows up. Remove it gently when it is no longer necessary, which will avoid perpetuating the habit. If this is not the case, the use of a pacifier is recommended rather than thumb suction. Prolonged thumb suction can lead to the displacement of the front teeth and the deformation of the palate. In addition, the habit of the pacifier will be easier to abandon than that of the thumb. If a child continues to suck his thumb or pacifier during the eruption of permanent teeth, the growth of his jaw and the position of his teeth can suffer and cause more or less significant malocclusion problems that may require orthodontic treatment. Remember that not all babies feel the need to have a pacifier or put their thumb to their mouth and that this is the ideal situation.<\/p>\n<h4>Warning about the choice of pacifiers<\/h4>\n<p>We find on the market a panoply of pacifiers all more attractive and colorful than each other. However, we recommend that you do not choose the pacifier according to its beauty but according to the characteristics of it for the part that goes into the mouth. When purchasing, you must in particular monitor the following characteristics: shape, flexibility and size.<\/p>\n<p>The shape: it must resemble as much as possible that of the mother\u2019s nipple during breastfeeding and allows the proper positioning of the lips.<\/p>\n<p>Flexibility: The nipple must be flexible to allow the tongue to act freely when baby swallows.<\/p>\n<p>Size: Choose the size of the pacifier according to the baby\u2019s age. A nipple or pacifier that is too big or too small can affect the way they swallow.<\/p>\n<p>It is important never to soak the pacifier in sugar, honey, maple syrup or any other sweet substance because this habit is harmful to baby\u2019s teeth and can cause cavities. In addition, the pacifier must be replaced regularly. Any swollen, sticky, pasty, cracked or torn nipple must be replaced immediately.<\/p>\n<\/div>\n<\/div>\n<\/div>\n<\/div><\/div><\/div><\/div><\/div><div class=\"fusion-fullwidth fullwidth-box fusion-builder-row-3 fusion-flex-container has-pattern-background has-mask-background nonhundred-percent-fullwidth non-hundred-percent-height-scrolling\" style=\"--awb-border-radius-top-left:0px;--awb-border-radius-top-right:0px;--awb-border-radius-bottom-right:0px;--awb-border-radius-bottom-left:0px;--awb-flex-wrap:wrap;\" ><div class=\"fusion-builder-row fusion-row fusion-flex-align-items-flex-start fusion-flex-content-wrap\" style=\"max-width:1216.8px;margin-left: calc(-4% \/ 2 );margin-right: calc(-4% \/ 2 );\"><div class=\"fusion-layout-column fusion_builder_column fusion-builder-column-4 fusion_builder_column_1_3 1_3 fusion-flex-column\" style=\"--awb-bg-size:cover;--awb-width-large:33.333333333333%;--awb-margin-top-large:0px;--awb-spacing-right-large:5.76%;--awb-margin-bottom-large:20px;--awb-spacing-left-large:5.76%;--awb-width-medium:100%;--awb-order-medium:0;--awb-spacing-right-medium:1.92%;--awb-spacing-left-medium:1.92%;--awb-width-small:100%;--awb-order-small:0;--awb-spacing-right-small:1.92%;--awb-spacing-left-small:1.92%;\"><div class=\"fusion-column-wrapper fusion-column-has-shadow fusion-flex-justify-content-flex-start fusion-content-layout-column\"><div class=\"fusion-text fusion-text-4\" style=\"--awb-font-size:15px;--awb-text-font-family:&quot;Lato&quot;;--awb-text-font-style:normal;--awb-text-font-weight:400;\"><div id=\"wpv-column-8caec9c6aea7d4f51677450803d212b4\" class=\"wpv-grid grid-1-3 wpv-first-level grid-1-3 first unextended no-extended-padding\">\n<h3>Early childhood caries<\/h3>\n<p>As soon as the first teeth appear, sugar should be avoided. The goal is to prevent tooth decay, which can appear very early and cause pain to the child. Moreover, breast milk, infant formula, cow\u2019s milk and fruit juices all contain sugar. Children may have cavities if:<\/p>\n<ul>\n<li>The child sleeps with a bottle of juice, sweet drink or milk because they all contain sugar<\/li>\n<li>The child takes sugar coated product or takes medicines containing sugar<\/li>\n<li>The child regularly takes drinks or sweet foods throughout the day<\/li>\n<li>The child does not brush 2 x day, never flosses and does not have his teeth professionally cleaned regularly<\/li>\n<\/ul>\n<p>As soon as your child has teeth, check them every month. Beware of dull white spots or lines that can form on the teeth and at the edge of the gums. Also beware of dark colored teeth. Young child caries must be treated quickly otherwise your child may have pain and develop an infection.<\/p>\n<\/div>\n<\/div><\/div><\/div><div class=\"fusion-layout-column fusion_builder_column fusion-builder-column-5 fusion_builder_column_2_3 2_3 fusion-flex-column\" style=\"--awb-bg-size:cover;--awb-width-large:66.666666666667%;--awb-margin-top-large:0px;--awb-spacing-right-large:2.88%;--awb-margin-bottom-large:20px;--awb-spacing-left-large:2.88%;--awb-width-medium:100%;--awb-order-medium:0;--awb-spacing-right-medium:1.92%;--awb-spacing-left-medium:1.92%;--awb-width-small:100%;--awb-order-small:0;--awb-spacing-right-small:1.92%;--awb-spacing-left-small:1.92%;\"><div class=\"fusion-column-wrapper fusion-column-has-shadow fusion-flex-justify-content-flex-start fusion-content-layout-column\"><div class=\"fusion-text fusion-text-5\" style=\"--awb-font-size:15px;--awb-text-font-family:&quot;Lato&quot;;--awb-text-font-style:normal;--awb-text-font-weight:400;\"><div id=\"wpv-column-8caec9c6aea7d4f51677450803d212b4\" class=\"wpv-grid grid-1-3 wpv-first-level grid-1-3 first unextended no-extended-padding\">\n<div class=\"row \">\n<div id=\"wpv-column-2c8f12922d6faf91622ba0187f1f9662\" class=\"wpv-grid grid-2-3 wpv-first-level grid-2-3 unextended no-extended-padding\">\n<h3>Brushing children\u2019s teeth<\/h3>\n<p>About up to the age of 6, young children cannot clean their teeth without your presence. Parents must do it for them when they are very young and do it with them when they are older. You should start cleaning your child\u2019s teeth before the first tooth appears. This will allow your child to get into the habit while ensuring the first teeth have a clean environment. It is normal for your child to want to brush his teeth himself. However, you must make sure that he does it correctly. Tell him that you want to continue helping him.<\/p>\n<h4>How to brush your baby\u2019s teeth<\/h4>\n<ul>\n<li>Install your baby comfortably<\/li>\n<li>Make sure you see well in his mouth<\/li>\n<li>Gently rub his gums and teeth with a baby brush or a damp cloth<\/li>\n<li>Do not use toothpaste if your baby does not yet have teeth<\/li>\n<\/ul>\n<h4>How to brush your child\u2019s teeth<\/h4>\n<ul>\n<li>Stand behind your child<\/li>\n<li>Tilt his head back against your stomach. This allows you to brush his upper and lower teeth<\/li>\n<li>Use a pea-sized amount of toothpaste and make sure the child does not swallow the toothpaste if it contains fluoride<\/li>\n<li>Take a child\u2019s toothbrush and brush his teeth in the same way as you brush your teeth<\/li>\n<\/ul>\n<h4>How should your child brush his teeth himself (about 6 years old)<\/h4>\n<ul>\n<li>Ask him to hold his brush at a 45-degree angle with the teeth, the bristles should slide under the edge of the gums, at the base of the teeth<\/li>\n<li>Teach them to brush their teeth gently, in circular motion by cleaning each surface of each tooth. For the front teeth, they can use the tip of the brush.<\/li>\n<li>If possible, you can buy them an electric brush for children, it will help them facilitate the brushing, more easily eliminate bacteria in the mouth and be a good source of motivation also.<\/li>\n<\/ul>\n<h4>The choice of a toothbrush, toothpaste and floss<\/h4>\n<p>The brush: For a small mouth, you need a small toothbrush. We suggest soft bristles with rounded ends. You will have to buy a new brush every 3 or 4 months and sometimes even sooner because we know that children do not spare their brush! If the bristles are twisted or worn, the brush cleans badly and could even damage the gums.<\/p>\n<p>Toothpaste: To prevent cavities, make sure that the toothpaste is fluoridated. We suggest not using fluoridated toothpaste for children under 3 years of age since it is difficult for them not to swallow it. The amount of toothpaste is reduced to the size of a pea and that is enough.<\/p>\n<p>Floss: Since the toothbrush does not penetrate between the teeth it is necessary to floss. Ask your child to wrap the silk around each of his fingers and slide the thread between the teeth by a shear movement. Your child can also use a small fork for <a href=\"https:\/\/dentisteriemontreal.com\/en\/flossing-essential-for-your-oral-health\/\">flossing<\/a>. It will be much easier to use and just as effective for younger children.<\/p>\n<\/div>\n<\/div>\n<\/div>\n<\/div><\/div><\/div><div class=\"fusion-layout-column fusion_builder_column fusion-builder-column-6 fusion_builder_column_1_1 1_1 fusion-flex-column\" style=\"--awb-bg-size:cover;--awb-width-large:100%;--awb-margin-top-large:0px;--awb-spacing-right-large:1.92%;--awb-margin-bottom-large:20px;--awb-spacing-left-large:1.92%;--awb-width-medium:100%;--awb-order-medium:0;--awb-spacing-right-medium:1.92%;--awb-spacing-left-medium:1.92%;--awb-width-small:100%;--awb-order-small:0;--awb-spacing-right-small:1.92%;--awb-spacing-left-small:1.92%;\"><div class=\"fusion-column-wrapper fusion-column-has-shadow fusion-flex-justify-content-flex-start fusion-content-layout-column\"><div class=\"fusion-text fusion-text-6\" style=\"--awb-font-size:15px;--awb-text-font-family:&quot;Lato&quot;;--awb-text-font-style:normal;--awb-text-font-weight:400;\"><p style=\"text-align: center;\">Our dental clinic offers comprehensive <a href=\"https:\/\/dentisteriemontreal.com\/en\/dental-care-during-pregnancy-dental-care\/\">dental care<\/a> for children, young or old, in a warm and family environment. Whether shy or talkative, fearful or adventurous, each child will benefit from personalized treatment with us and he will only want one thing: come back to see us to show us their smile again at the next appointment!<\/p>\n<h3 style=\"text-align: center;\">For any questions, do not hesitate to contact our team<\/h3>\n<\/div><\/div><\/div><\/div><\/div><\/p>\n","protected":false},"excerpt":{"rendered":"","protected":false},"author":1,"featured_media":0,"parent":5516,"menu_order":0,"comment_status":"closed","ping_status":"closed","template":"","meta":{"footnotes":""},"class_list":["post-5521","page","type-page","status-publish","hentry"],"_links":{"self":[{"href":"https:\/\/dentisteriemontreal.com\/en\/wp-json\/wp\/v2\/pages\/5521","targetHints":{"allow":["GET"]}}],"collection":[{"href":"https:\/\/dentisteriemontreal.com\/en\/wp-json\/wp\/v2\/pages"}],"about":[{"href":"https:\/\/dentisteriemontreal.com\/en\/wp-json\/wp\/v2\/types\/page"}],"author":[{"embeddable":true,"href":"https:\/\/dentisteriemontreal.com\/en\/wp-json\/wp\/v2\/users\/1"}],"replies":[{"embeddable":true,"href":"https:\/\/dentisteriemontreal.com\/en\/wp-json\/wp\/v2\/comments?post=5521"}],"version-history":[{"count":0,"href":"https:\/\/dentisteriemontreal.com\/en\/wp-json\/wp\/v2\/pages\/5521\/revisions"}],"up":[{"embeddable":true,"href":"https:\/\/dentisteriemontreal.com\/en\/wp-json\/wp\/v2\/pages\/5516"}],"wp:attachment":[{"href":"https:\/\/dentisteriemontreal.com\/en\/wp-json\/wp\/v2\/media?parent=5521"}],"curies":[{"name":"wp","href":"https:\/\/api.w.org\/{rel}","templated":true}]}}